	{"id":1871,"date":"2023-07-04T11:08:42","date_gmt":"2023-07-04T11:08:42","guid":{"rendered":"https:\/\/gbsc.dev.radixweb.net\/politica-de-privacidad\/"},"modified":"2024-09-20T08:01:00","modified_gmt":"2024-09-20T08:01:00","slug":"politica-de-privacidad","status":"publish","type":"page","link":"https:\/\/application.biodiversitystandard.org\/es\/politica-de-privacidad\/","title":{"rendered":"Pol\u00edtica de privacidad"},"content":{"rendered":"<h2 class=\"wp-block-heading alignwide\">Qui\u00e9nes somos<\/h2><p class=\"has-text-align-left alignwide\">La direcci\u00f3n de nuestro sitio web es: <a href=\"https:\/\/application.biodiversitystandard.org\/es\/\">https:\/\/application.biodiversitystandard.org.<\/a><\/p><h2 class=\"wp-block-heading alignwide\">Comentarios<\/h2><p class=\"alignwide\">Cuando los visitantes dejan comentarios en el sitio, recogemos los datos que aparecen en el formulario de comentarios, as\u00ed como la direcci\u00f3n IP del visitante y la cadena de agentes de usuario del navegador para ayudar a la detecci\u00f3n de spam.<\/p><p class=\"alignwide\">Se puede proporcionar al servicio Gravatar una cadena anonimizada creada a partir de tu direcci\u00f3n de correo electr\u00f3nico (tambi\u00e9n llamada hash) para saber si la est\u00e1s utilizando. La pol\u00edtica de privacidad del servicio Gravatar est\u00e1 disponible aqu\u00ed: https:\/\/automattic.com\/privacy\/. Tras la aprobaci\u00f3n de tu comentario, tu foto de perfil ser\u00e1 visible para el p\u00fablico en el contexto de tu comentario.<\/p><h2 class=\"wp-block-heading alignwide\">Medios de comunicaci\u00f3n<\/h2><p class=\"alignwide\">Ten en cuenta que las im\u00e1genes cargadas en el sitio web que tengan datos de localizaci\u00f3n incrustados (EXIF GPS) permitir\u00e1n a los visitantes del sitio web descargar y extraer datos de localizaci\u00f3n.<\/p><h2 class=\"wp-block-heading alignwide\">Cookies<\/h2><p class=\"alignwide\">Si dejas un comentario en nuestro sitio, puedes optar por guardar tu nombre, direcci\u00f3n de correo electr\u00f3nico y sitio web en cookies. Son para su comodidad, para que no tenga que volver a rellenar sus datos cuando deje otro comentario. Estas galletas durar\u00e1n un a\u00f1o.<\/p><p class=\"alignwide\">Si visita nuestra p\u00e1gina de inicio de sesi\u00f3n, instalaremos una cookie temporal para determinar si su navegador acepta cookies. Esta cookie no contiene datos personales y se descarta al cerrar el navegador.<\/p><p class=\"alignwide\">Cuando inicie sesi\u00f3n, tambi\u00e9n instalaremos varias cookies para guardar su informaci\u00f3n de inicio de sesi\u00f3n y sus opciones de visualizaci\u00f3n en pantalla. Las cookies de inicio de sesi\u00f3n duran dos d\u00edas y las de opciones de pantalla, un a\u00f1o. Si selecciona \u00abRecordarme\u00bb, su inicio de sesi\u00f3n persistir\u00e1 durante dos semanas. Si cierra la sesi\u00f3n de su cuenta, se eliminar\u00e1n las cookies de inicio de sesi\u00f3n.<\/p><p class=\"alignwide\">Si edita o publica un art\u00edculo, se guardar\u00e1 una cookie adicional en su navegador. Esta cookie no incluye datos personales y simplemente indica el ID del art\u00edculo que acaba de editar. Caduca al cabo de 1 d\u00eda.<\/p><h2 class=\"wp-block-heading alignwide\">Contenido incrustado de otros sitios web<\/h2><p class=\"alignwide\">Los art\u00edculos de este sitio pueden incluir contenido incrustado (por ejemplo, v\u00eddeos, im\u00e1genes, art\u00edculos, etc.). Los contenidos incrustados de otros sitios web se comportan exactamente igual que si el visitante hubiera visitado el otro sitio web.<\/p><p class=\"alignwide\">Estos sitios web pueden recopilar datos sobre usted, utilizar cookies, incrustar seguimiento adicional de terceros y supervisar su interacci\u00f3n con ese contenido incrustado, incluido el seguimiento de su interacci\u00f3n con el contenido incrustado si tiene una cuenta y ha iniciado sesi\u00f3n en ese sitio web.<\/p><h2 class=\"wp-block-heading alignwide\">Con qui\u00e9n compartimos sus datos<\/h2><p class=\"alignwide\">Si solicitas un restablecimiento de contrase\u00f1a, tu direcci\u00f3n IP se incluir\u00e1 en el correo electr\u00f3nico de restablecimiento.<\/p><h2 class=\"wp-block-heading alignwide\">Cu\u00e1nto tiempo conservamos sus datos<\/h2><p class=\"alignwide\">Si dejas un comentario, el comentario y sus metadatos se conservan indefinidamente. As\u00ed podremos reconocer y aprobar autom\u00e1ticamente los comentarios de seguimiento en lugar de retenerlos en una cola de moderaci\u00f3n.<\/p><p class=\"alignwide\">En el caso de los usuarios que se registran en nuestro sitio web (si los hay), tambi\u00e9n almacenamos la informaci\u00f3n personal que nos facilitan en su perfil de usuario. Todos los usuarios pueden ver, editar o borrar su informaci\u00f3n personal en cualquier momento (excepto que no pueden cambiar su nombre de usuario). Los administradores del sitio web tambi\u00e9n pueden ver y editar esa informaci\u00f3n.<\/p><h2 class=\"wp-block-heading alignwide\">Qu\u00e9 derechos tiene sobre sus datos<\/h2><p class=\"alignwide\">Si tienes una cuenta en este sitio, o has dejado comentarios, puedes solicitar recibir un archivo exportado de los datos personales que tenemos sobre ti, incluidos los datos que nos hayas proporcionado. Tambi\u00e9n puede solicitar que borremos cualquier dato personal que tengamos sobre usted. Esto no incluye ning\u00fan dato que estemos obligados a conservar con fines administrativos, legales o de seguridad.<\/p><h2 class=\"wp-block-heading alignwide\">D\u00f3nde se env\u00edan sus datos<\/h2><p class=\"alignwide\">Los comentarios de los visitantes pueden ser comprobados a trav\u00e9s de un servicio automatizado de detecci\u00f3n de spam.<\/p>","protected":false},"excerpt":{"rendered":"<p>Qui\u00e9nes somos La direcci\u00f3n de nuestro sitio web es: https:\/\/application.biodiversitystandard.org. Comentarios Cuando los visitantes dejan comentarios en el sitio, recogemos los datos que aparecen en el formulario de comentarios, as\u00ed como la direcci\u00f3n IP del visitante y la cadena de agentes de usuario del navegador para ayudar a la detecci\u00f3n de spam. Se puede proporcionar&hellip; <a class=\"more-link\" href=\"https:\/\/application.biodiversitystandard.org\/es\/politica-de-privacidad\/\">Seguir leyendo <span class=\"screen-reader-text\">Pol\u00edtica de privacidad<\/span><\/a><\/p>\n","protected":false},"author":1,"featured_media":0,"parent":0,"menu_order":0,"comment_status":"closed","ping_status":"open","template":"","meta":{"_acf_changed":false,"inline_featured_image":false,"footnotes":""},"class_list":["post-1871","page","type-page","status-publish","hentry","entry"],"acf":[],"_links":{"self":[{"href":"https:\/\/application.biodiversitystandard.org\/es\/wp-json\/wp\/v2\/pages\/1871"}],"collection":[{"href":"https:\/\/application.biodiversitystandard.org\/es\/wp-json\/wp\/v2\/pages"}],"about":[{"href":"https:\/\/application.biodiversitystandard.org\/es\/wp-json\/wp\/v2\/types\/page"}],"author":[{"embeddable":true,"href":"https:\/\/application.biodiversitystandard.org\/es\/wp-json\/wp\/v2\/users\/1"}],"replies":[{"embeddable":true,"href":"https:\/\/application.biodiversitystandard.org\/es\/wp-json\/wp\/v2\/comments?post=1871"}],"version-history":[{"count":10,"href":"https:\/\/application.biodiversitystandard.org\/es\/wp-json\/wp\/v2\/pages\/1871\/revisions"}],"predecessor-version":[{"id":53904,"href":"https:\/\/application.biodiversitystandard.org\/es\/wp-json\/wp\/v2\/pages\/1871\/revisions\/53904"}],"wp:attachment":[{"href":"https:\/\/application.biodiversitystandard.org\/es\/wp-json\/wp\/v2\/media?parent=1871"}],"curies":[{"name":"wp","href":"https:\/\/api.w.org\/{rel}","templated":true}]}}