	{"id":3600,"date":"2023-07-04T11:08:42","date_gmt":"2023-07-04T11:08:42","guid":{"rendered":"https:\/\/gbsc.dev.radixweb.net\/politica-de-privacidade\/"},"modified":"2024-09-20T08:01:00","modified_gmt":"2024-09-20T08:01:00","slug":"politica-de-privacidade","status":"publish","type":"page","link":"https:\/\/application.biodiversitystandard.org\/pt-br\/politica-de-privacidade\/","title":{"rendered":"Pol\u00edtica de privacidade"},"content":{"rendered":"<h2 class=\"wp-block-heading alignwide\">Quem somos<\/h2><p class=\"has-text-align-left alignwide\">O endere\u00e7o de nosso site \u00e9: <a href=\"https:\/\/application.biodiversitystandard.org\/pt-br\/\">https:\/\/application.biodiversitystandard.org.<\/a><\/p><h2 class=\"wp-block-heading alignwide\">Coment\u00e1rios<\/h2><p class=\"alignwide\">Quando os visitantes deixam coment\u00e1rios no site, coletamos os dados mostrados no formul\u00e1rio de coment\u00e1rios e tamb\u00e9m o endere\u00e7o IP do visitante e a string do agente do usu\u00e1rio do navegador para ajudar na detec\u00e7\u00e3o de spam.<\/p><p class=\"alignwide\">Uma cadeia an\u00f3nima criada a partir do seu endere\u00e7o de e-mail (tamb\u00e9m designada por hash) pode ser fornecida ao servi\u00e7o Gravatar para verificar se o utilizador o est\u00e1 a utilizar. A pol\u00edtica de privacidade do servi\u00e7o Gravatar est\u00e1 dispon\u00edvel aqui: https:\/\/automattic.com\/privacy\/. Ap\u00f3s a aprova\u00e7\u00e3o do seu coment\u00e1rio, a sua imagem de perfil fica vis\u00edvel para o p\u00fablico no contexto do seu coment\u00e1rio.<\/p><h2 class=\"wp-block-heading alignwide\">Media<\/h2><p class=\"alignwide\">Observe que as imagens carregadas no site que t\u00eam dados de localiza\u00e7\u00e3o incorporados (EXIF GPS) permitir\u00e3o que os visitantes do site fa\u00e7am download e extraiam dados de localiza\u00e7\u00e3o.<\/p><h2 class=\"wp-block-heading alignwide\">Biscoitos<\/h2><p class=\"alignwide\">Se voc\u00ea deixar um coment\u00e1rio em nosso site, poder\u00e1 optar por salvar seu nome, endere\u00e7o de e-mail e site nos cookies. Estes s\u00e3o para sua conveni\u00eancia, para que n\u00e3o tenha de preencher novamente os seus dados quando deixar outro coment\u00e1rio. Estas bolachas duram um ano.<\/p><p class=\"alignwide\">Se visitar a nossa p\u00e1gina de in\u00edcio de sess\u00e3o, definiremos um cookie tempor\u00e1rio para determinar se o seu browser aceita cookies. Este cookie n\u00e3o cont\u00e9m dados pessoais e \u00e9 eliminado quando o utilizador fecha o seu browser.<\/p><p class=\"alignwide\">Quando inicia sess\u00e3o, tamb\u00e9m configuramos v\u00e1rios cookies para guardar as suas informa\u00e7\u00f5es de in\u00edcio de sess\u00e3o e as suas op\u00e7\u00f5es de visualiza\u00e7\u00e3o do ecr\u00e3. Os cookies de in\u00edcio de sess\u00e3o duram dois dias e os cookies de op\u00e7\u00f5es de ecr\u00e3 duram um ano. Se selecionar &#8220;Lembrar-me&#8221;, o seu in\u00edcio de sess\u00e3o persistir\u00e1 durante duas semanas. Se sair da sua conta, os cookies de in\u00edcio de sess\u00e3o ser\u00e3o removidos.<\/p><p class=\"alignwide\">Se editar ou publicar um artigo, ser\u00e1 guardado um cookie adicional no seu browser. Este cookie n\u00e3o inclui dados pessoais e indica simplesmente o ID da publica\u00e7\u00e3o do artigo que acabou de editar. Expira ao fim de 1 dia.<\/p><h2 class=\"wp-block-heading alignwide\">Conte\u00fado incorporado de outros s\u00edtios Web<\/h2><p class=\"alignwide\">Os artigos deste site podem incluir conte\u00fado incorporado (por exemplo, v\u00eddeos, imagens, artigos, etc.). O conte\u00fado incorporado de outros s\u00edtios Web comporta-se exatamente da mesma forma como se o visitante tivesse visitado o outro s\u00edtio Web.<\/p><p class=\"alignwide\">Estes s\u00edtios Web podem recolher dados sobre o utilizador, utilizar cookies, incorporar rastreio adicional de terceiros e monitorizar a sua intera\u00e7\u00e3o com esse conte\u00fado incorporado, incluindo o rastreio da sua intera\u00e7\u00e3o com o conte\u00fado incorporado se tiver uma conta e estiver ligado a esse s\u00edtio Web.<\/p><h2 class=\"wp-block-heading alignwide\">Com quem partilhamos os seus dados<\/h2><p class=\"alignwide\">Se voc\u00ea solicitar uma redefini\u00e7\u00e3o de senha, seu endere\u00e7o IP ser\u00e1 inclu\u00eddo no e-mail de redefini\u00e7\u00e3o.<\/p><h2 class=\"wp-block-heading alignwide\">Durante quanto tempo conservamos os seus dados<\/h2><p class=\"alignwide\">Se voc\u00ea deixar um coment\u00e1rio, o coment\u00e1rio e seus metadados ser\u00e3o mantidos indefinidamente. Isto \u00e9 para que possamos reconhecer e aprovar automaticamente quaisquer coment\u00e1rios de seguimento em vez de os manter numa fila de modera\u00e7\u00e3o.<\/p><p class=\"alignwide\">Para os utilizadores que se registam no nosso s\u00edtio Web (se for o caso), tamb\u00e9m guardamos as informa\u00e7\u00f5es pessoais que fornecem no seu perfil de utilizador. Todos os utilizadores podem ver, editar ou eliminar as suas informa\u00e7\u00f5es pessoais em qualquer altura (exceto que n\u00e3o podem alterar o seu nome de utilizador). Os administradores do s\u00edtio Web tamb\u00e9m podem ver e editar essas informa\u00e7\u00f5es.<\/p><h2 class=\"wp-block-heading alignwide\">Que direitos tem sobre os seus dados<\/h2><p class=\"alignwide\">Se voc\u00ea tiver uma conta neste site ou tiver deixado coment\u00e1rios, poder\u00e1 solicitar o recebimento de um arquivo exportado dos dados pessoais que mantemos sobre voc\u00ea, incluindo todos os dados que voc\u00ea nos forneceu. Tamb\u00e9m pode solicitar que apaguemos quaisquer dados pessoais que tenhamos sobre si. Isto n\u00e3o inclui quaisquer dados que sejamos obrigados a manter para fins administrativos, legais ou de seguran\u00e7a.<\/p><h2 class=\"wp-block-heading alignwide\">Para onde s\u00e3o enviados os seus dados<\/h2><p class=\"alignwide\">Os coment\u00e1rios dos visitantes podem ser verificados por meio de um servi\u00e7o automatizado de detec\u00e7\u00e3o de spam.<\/p>","protected":false},"excerpt":{"rendered":"<p>Quem somos O endere\u00e7o de nosso site \u00e9: https:\/\/application.biodiversitystandard.org. Coment\u00e1rios Quando os visitantes deixam coment\u00e1rios no site, coletamos os dados mostrados no formul\u00e1rio de coment\u00e1rios e tamb\u00e9m o endere\u00e7o IP do visitante e a string do agente do usu\u00e1rio do navegador para ajudar na detec\u00e7\u00e3o de spam. Uma cadeia an\u00f3nima criada a partir do seu&hellip; <a class=\"more-link\" href=\"https:\/\/application.biodiversitystandard.org\/pt-br\/politica-de-privacidade\/\">Continuar lendo <span class=\"screen-reader-text\">Pol\u00edtica de privacidade<\/span><\/a><\/p>\n","protected":false},"author":1,"featured_media":0,"parent":0,"menu_order":0,"comment_status":"closed","ping_status":"open","template":"","meta":{"_acf_changed":false,"inline_featured_image":false,"footnotes":""},"class_list":["post-3600","page","type-page","status-publish","hentry","entry"],"acf":[],"_links":{"self":[{"href":"https:\/\/application.biodiversitystandard.org\/pt-br\/wp-json\/wp\/v2\/pages\/3600"}],"collection":[{"href":"https:\/\/application.biodiversitystandard.org\/pt-br\/wp-json\/wp\/v2\/pages"}],"about":[{"href":"https:\/\/application.biodiversitystandard.org\/pt-br\/wp-json\/wp\/v2\/types\/page"}],"author":[{"embeddable":true,"href":"https:\/\/application.biodiversitystandard.org\/pt-br\/wp-json\/wp\/v2\/users\/1"}],"replies":[{"embeddable":true,"href":"https:\/\/application.biodiversitystandard.org\/pt-br\/wp-json\/wp\/v2\/comments?post=3600"}],"version-history":[{"count":8,"href":"https:\/\/application.biodiversitystandard.org\/pt-br\/wp-json\/wp\/v2\/pages\/3600\/revisions"}],"predecessor-version":[{"id":53906,"href":"https:\/\/application.biodiversitystandard.org\/pt-br\/wp-json\/wp\/v2\/pages\/3600\/revisions\/53906"}],"wp:attachment":[{"href":"https:\/\/application.biodiversitystandard.org\/pt-br\/wp-json\/wp\/v2\/media?parent=3600"}],"curies":[{"name":"wp","href":"https:\/\/api.w.org\/{rel}","templated":true}]}}